{"id":2093,"date":"2025-05-27T22:42:47","date_gmt":"2025-05-27T22:42:47","guid":{"rendered":"https:\/\/www.opsec4kids.pl\/?page_id=2093"},"modified":"2025-05-28T10:51:49","modified_gmt":"2025-05-28T10:51:49","slug":"umowa-bezpieczny-internet-dla-dziecka-2","status":"publish","type":"page","link":"https:\/\/www.opsec4kids.pl\/index.php\/umowa-bezpieczny-internet-dla-dziecka-2\/","title":{"rendered":"Umowa na Bezpieczny Internet dla Dziecka \u2013 Wersja PDF + Online"},"content":{"rendered":"<style>.kb-row-layout-id2093_c138b6-65 > .kt-row-column-wrap{align-content:start;}:where(.kb-row-layout-id2093_c138b6-65 > .kt-row-column-wrap) > .wp-block-kadence-column{justify-content:start;}.kb-row-layout-id2093_c138b6-65 > .kt-row-column-wrap{column-gap:var(--global-kb-gap-md, 2rem);row-gap:var(--global-kb-gap-md, 2rem);max-width:var( --global-content-width, 1290px );padding-left:var(--global-content-edge-padding);padding-right:var(--global-content-edge-padding);padding-top:0px;padding-right:0px;padding-bottom:140px;padding-left:0px;grid-template-columns:minmax(0, 1fr);}.kb-row-layout-id2093_c138b6-65 > .kt-row-layout-overlay{opacity:0.80;background-color:var(--global-palette9, #ffffff);mix-blend-mode:normal;}@media all and (max-width: 1024px){.kb-row-layout-id2093_c138b6-65 > .kt-row-column-wrap{grid-template-columns:minmax(0, 1fr);}}@media all and (max-width: 767px){.kb-row-layout-id2093_c138b6-65 > .kt-row-column-wrap{padding-top:120px;padding-right:15px;padding-bottom:60px;padding-left:15px;grid-template-columns:minmax(0, 1fr);}}<\/style><div class=\"kb-row-layout-wrap kb-row-layout-id2093_c138b6-65 alignfull kt-row-has-bg wp-block-kadence-rowlayout\"><div class=\"kt-row-layout-overlay kt-row-overlay-normal\"><\/div><div class=\"kt-row-column-wrap kt-has-1-columns kt-row-layout-equal kt-tab-layout-inherit kt-mobile-layout-row kt-row-valign-top kb-theme-content-width\">\n<style>.kadence-column2093_6e0088-db > .kt-inside-inner-col{padding-top:10px;padding-right:10px;padding-bottom:10px;padding-left:10px;}.kadence-column2093_6e0088-db > .kt-inside-inner-col,.kadence-column2093_6e0088-db > .kt-inside-inner-col:before{border-top-left-radius:0px;border-top-right-radius:0px;border-bottom-right-radius:0px;border-bottom-left-radius:0px;}.kadence-column2093_6e0088-db > .kt-inside-inner-col{column-gap:var(--global-kb-gap-sm, 1rem);}.kadence-column2093_6e0088-db > .kt-inside-inner-col{flex-direction:column;}.kadence-column2093_6e0088-db > .kt-inside-inner-col > .aligncenter{width:100%;}.kadence-column2093_6e0088-db > .kt-inside-inner-col:before{opacity:0.3;}.kadence-column2093_6e0088-db{position:relative;}@media all and (max-width: 1024px){.kadence-column2093_6e0088-db > .kt-inside-inner-col{flex-direction:column;justify-content:center;}}@media all and (max-width: 767px){.kadence-column2093_6e0088-db > .kt-inside-inner-col{flex-direction:column;justify-content:center;}}<\/style>\n<div class=\"wp-block-kadence-column kadence-column2093_6e0088-db inner-column-1\"><div class=\"kt-inside-inner-col\">\n<h1 class=\"wp-block-heading\"><strong><strong>Umowa na Bezpieczny Internet dla Dziecka \u2013 Wersja PDF + Online.<\/strong><\/strong><\/h1>\n\n\n\n<p>Ta umowa zosta\u0142a stworzona specjalnie dla dzieci i ich opiekun\u00f3w, by wsp\u00f3lnie ustali\u0107 zasady korzystania z sieci. Dzi\u0119ki niej rozmowa o bezpiecze\u0144stwie online staje si\u0119 \u0142atwiejsza, spokojna i zrozumia\u0142a.<\/p>\n\n\n\n<div class=\"wp-block-buttons is-layout-flex wp-block-buttons-is-layout-flex\">\n<div class=\"wp-block-button\"><a class=\"wp-block-button__link has-text-align-center wp-element-button\" href=\"https:\/\/www.opsec4kids.pl\/wp-content\/uploads\/2025\/05\/Moja-Umowa-na-Bezpieczny-Internet.pdf\" target=\"_blank\" rel=\"noreferrer noopener\">PObierze umow\u0119 w PDF<\/a><\/div>\n<\/div>\n\n\n\n<hr class=\"wp-block-separator aligncenter has-alpha-channel-opacity\"\/>\n\n\n\n<h2 class=\"wp-block-heading\">Wyp\u0142nij umow\u0119 poni\u017cej<\/h2>\n\n\n\n<!DOCTYPE html>\n<html lang=\"pl\">\n<head>\n  <meta charset=\"UTF-8\">\n  <title>Umowa na Bezpieczny Internet<\/title>\n  <style>\n    body {\n      background-color: #1a1a1a;\n      color: #ffffff;\n      font-family: 'Segoe UI', sans-serif;\n    }\n    .internet-agreement {\n      background-color: #1a1a1a;\n      color: #ffffff;\n      padding: 2rem;\n      border-radius: 12px;\n      max-width: 800px;\n      margin: auto;\n      line-height: 1.6;\n    }\n    h1, h2, h3 {\n      color: #3196FE;\n    }\n    ul {\n      list-style: none;\n      padding-left: 0;\n    }\n    ul li::before {\n      content: '\\2713';\n      color: #81c784;\n      font-weight: bold;\n      display: inline-block;\n      width: 1.5em;\n      margin-left: -1.5em;\n    }\n    input[type=\"text\"], textarea {\n      width: 100%;\n      padding: 8px;\n      margin: 8px 0;\n      border-radius: 6px;\n      border: none;\n    }\n    input[type=\"text\"]::placeholder, textarea::placeholder {\n      color: #cccccc;\n    }\n    input[type=\"checkbox\"] {\n      margin-right: 8px;\n    }\n    .agreement-signature {\n      margin-top: 2rem;\n    }\n    .button {\n      background-color: #3196FE;\n      color: white;\n      padding: 10px 20px;\n      border: none;\n      border-radius: 6px;\n      cursor: pointer;\n    }\n    .button:hover {\n      background-color: #2678c9;\n    }\n    @media print {\n      body {\n        background-color: white;\n        color: black;\n      }\n      .internet-agreement {\n        background-color: white;\n        color: black;\n      }\n      h1, h2, h3 {\n        color: #3196FE;\n      }\n      .button {\n        display: none;\n      }\n    }\n  <\/style>\n<\/head>\n<body>\n  <section class=\"internet-agreement\">\n    <h1>&#x1f6e1;&#xfe0f; Moja Umowa na Bezpieczny Internet<\/h1>\n    <p><em>czyli jak korzysta\u0107 z sieci m\u0105drze, bezpiecznie i z pomoc\u0105 rodzica<\/em><\/p>\n\n    <label>Imi\u0119 dziecka:<input type=\"text\" name=\"child_name\" placeholder=\"napisz tutaj\"><\/label>\n    <label>Imi\u0119 rodzica\/opiekuna:<input type=\"text\" name=\"parent_name\" placeholder=\"napisz tutaj\"><\/label>\n    <label>Data podpisania umowy:<input type=\"text\" name=\"date\" placeholder=\"napisz tutaj\"><\/label>\n\n    <h2>&#x1f4ac; Dlaczego podpisuj\u0119 t\u0119 umow\u0119?<\/h2>\n    <p>Internet to miejsce, gdzie mog\u0119 si\u0119 uczy\u0107, gra\u0107, ogl\u0105da\u0107 filmy i rozmawia\u0107 z innymi&#8230;<\/p>\n\n    <h2>&#x2705; 1. Moje Zasady Bezpiecze\u0144stwa<\/h2>\n    <h3>&#x1f510; Prywatno\u015b\u0107 i dane osobowe<\/h3>\n    <ul>\n      <li>Nie podaj\u0119 swojego nazwiska<\/li>\n      <li>adresu<\/li>\n      <li>numeru telefonu<\/li>\n      <li>szko\u0142y<\/li>\n      <li>hase\u0142<\/li>\n      <li>zdj\u0119\u0107 bez zgody rodzica<\/li>\n    <\/ul>\n    <label>Prywatna informacja &#8211; m\u00f3j przyk\u0142ad:<textarea placeholder=\"napisz tutaj\"><\/textarea><\/label>\n\n    <h3>&#x1f4ac; Rozmowy z innymi<\/h3>\n    <ul>\n      <li>Nie rozmawiam z osobami spoza rzeczywisto\u015bci<\/li>\n      <li>Zg\u0142aszam dziwne wiadomo\u015bci rodzicowi<\/li>\n    <\/ul>\n    <label>Odpowied\u017a, gdy kto\u015b prosi o sekret:<textarea placeholder=\"napisz tutaj\"><\/textarea><\/label>\n\n    <h3>&#x26a0;&#xfe0f; Gdy co\u015b jest nieprzyjemne<\/h3>\n    <ul>\n      <li>M\u00f3wi\u0119 rodzicowi o niepokoj\u0105cych sytuacjach<\/li>\n      <li>Nie klikam podejrzanych link\u00f3w<\/li>\n    <\/ul>\n    <label>M\u00f3j przyk\u0142ad zagro\u017cenia w internecie:<textarea placeholder=\"napisz tutaj\"><\/textarea><\/label>\n\n    <h2>&#x23f3; 2. Zasady Korzystania z Internetu<\/h2>\n    <label>W dni szkolne (godziny):<input type=\"text\" placeholder=\"napisz tutaj\"><\/label>\n    <label>W weekendy (godziny):<input type=\"text\" placeholder=\"napisz tutaj\"><\/label>\n\n    <h3>Miejsce korzystania:<\/h3>\n    <ul>\n      <li><input type=\"checkbox\"> w salonie<\/li>\n      <li><input type=\"checkbox\"> w kuchni<\/li>\n      <li><input type=\"checkbox\"> przy otwartych drzwiach<\/li>\n      <li><input type=\"checkbox\"> inne: <input type=\"text\" placeholder=\"napisz tutaj\"><\/li>\n    <\/ul>\n\n    <h2>&#x1f9e0; 3. Co robimy razem z rodzicem<\/h2>\n    <ul>\n      <li>Rozmowy o internecie co tydzie\u0144<\/li>\n      <li>Rodzic t\u0142umaczy zamiast zakazywa\u0107<\/li>\n      <li>B\u0142\u0119dy nie s\u0105 karane<\/li>\n      <li>Rodzic poznaje m\u00f3j \u015bwiat online<\/li>\n    <\/ul>\n\n    <h2>&#x1f6a9; 4. Czerwone Flagi<\/h2>\n    <p>Zaznacz rozpoznane czerwone flagi:<\/p>\n    <ul>\n      <li><input type=\"checkbox\"> Tajemnice przed rodzicami<\/li>\n      <li><input type=\"checkbox\"> Pro\u015bba o dane lub zdj\u0119cia<\/li>\n      <li><input type=\"checkbox\"> Presja czasowa<\/li>\n      <li><input type=\"checkbox\"> Tajny doros\u0142y przyjaciel<\/li>\n      <li><input type=\"checkbox\"> Niestosowne zdj\u0119cia<\/li>\n      <li><input type=\"checkbox\"> Gro\u017aby lub szanta\u017c<\/li>\n      <li><input type=\"checkbox\"> Pro\u015bby o milczenie<\/li>\n      <li><input type=\"checkbox\"> Dziwne linki<\/li>\n      <li><input type=\"checkbox\"> Z\u0142e samopoczucie<\/li>\n    <\/ul>\n    <label>Moje inne czerwone flagi:<textarea placeholder=\"napisz tutaj\"><\/textarea><\/label>\n\n    <h2>&#x2764;&#xfe0f; 5. Gdy co\u015b p\u00f3jdzie nie tak&#8230;<\/h2>\n    <ul>\n      <li>B\u0142\u0119dy to nauka<\/li>\n      <li>Nie wstydz\u0119 si\u0119 m\u00f3wi\u0107 prawdy<\/li>\n      <li>Rodzic wspiera bez oceniania<\/li>\n      <li>Nie ukrywam problem\u00f3w<\/li>\n    <\/ul>\n\n    <h2>&#x270d;&#xfe0f; 6. Nasze Podpisy<\/h2>\n    <label>Podpis dziecka:<input type=\"text\" placeholder=\"napisz tutaj\"><\/label>\n    <label>Podpis rodzica:<input type=\"text\" placeholder=\"napisz tutaj\"><\/label>\n    <label>Data:<input type=\"text\" placeholder=\"napisz tutaj\"><\/label>\n\n    <button class=\"button\" onclick=\"window.print()\">&#x1f4c4; Wygeneruj PDF (Drukuj)<\/button>\n  <\/section>\n<\/body>\n<\/html>\n\n\n\n<figure class=\"wp-block-embed is-type-wp-embed is-provider-osadzona-tre wp-block-embed-osadzona-tre\"><div class=\"wp-block-embed__wrapper\">\n<blockquote class=\"wp-embedded-content\" data-secret=\"M1BH63GGoF\"><a href=\"https:\/\/www.opsec4kids.pl\/index.php\/zasady-publikowania-zdjec-dzieci-dla-przedszkoli-i-szkol\/\">Zasady publikowania zdjec dzieci dla przedszkoli i szkol<\/a><\/blockquote><iframe loading=\"lazy\" class=\"wp-embedded-content\" sandbox=\"allow-scripts\" security=\"restricted\" style=\"position: absolute; visibility: hidden;\" title=\"&#8222;Zasady publikowania zdjec dzieci dla przedszkoli i szkol&#8221; &#8212; \" src=\"https:\/\/www.opsec4kids.pl\/index.php\/zasady-publikowania-zdjec-dzieci-dla-przedszkoli-i-szkol\/embed\/#?secret=jijQeeVm2h#?secret=M1BH63GGoF\" data-secret=\"M1BH63GGoF\" width=\"600\" height=\"338\" frameborder=\"0\" marginwidth=\"0\" marginheight=\"0\" scrolling=\"no\"><\/iframe>\n<\/div><\/figure>\n<\/div><\/div>\n\n<\/div><\/div>\n\n\n<p><\/p>\n","protected":false},"excerpt":{"rendered":"<p>Umowa na Bezpieczny Internet dla Dziecka \u2013 Wersja PDF + Online. Ta umowa zosta\u0142a stworzona specjalnie dla dzieci i ich opiekun\u00f3w, by wsp\u00f3lnie ustali\u0107 zasady korzystania z sieci. Dzi\u0119ki niej rozmowa o bezpiecze\u0144stwie online staje si\u0119 \u0142atwiejsza, spokojna i zrozumia\u0142a. Wyp\u0142nij umow\u0119 poni\u017cej Umowa na Bezpieczny Internet &#x1f6e1;&#xfe0f; Moja Umowa na Bezpieczny Internet czyli jak&#8230;<\/p>\n","protected":false},"author":2,"featured_media":1907,"parent":0,"menu_order":0,"comment_status":"closed","ping_status":"closed","template":"","meta":{"_monsterinsights_skip_tracking":false,"_monsterinsights_sitenote_active":false,"_monsterinsights_sitenote_note":"","_monsterinsights_sitenote_category":0,"_kadence_starter_templates_imported_post":false,"_kad_post_transparent":"","_kad_post_title":"","_kad_post_layout":"","_kad_post_sidebar_id":"","_kad_post_content_style":"","_kad_post_vertical_padding":"","_kad_post_feature":"","_kad_post_feature_position":"","_kad_post_header":false,"_kad_post_footer":false,"_kad_post_classname":"","footnotes":""},"class_list":["post-2093","page","type-page","status-publish","has-post-thumbnail","hentry"],"yoast_head":"<!-- This site is optimized with the Yoast SEO plugin v27.4 - https:\/\/yoast.com\/product\/yoast-seo-wordpress\/ -->\n<title>Umowa na Bezpieczny Internet dla Dziecka \u2013 Wersja PDF + Online<\/title>\n<meta name=\"description\" content=\"Gotowa umowa na bezpieczne korzystanie z internetu przez dziecko. Wersja online i PDF. Ustalcie wsp\u00f3lne zasady i rozpoznawajcie zagro\u017cenia w sieci razem.\" \/>\n<meta name=\"robots\" content=\"index, follow, max-snippet:-1, max-image-preview:large, max-video-preview:-1\" \/>\n<link rel=\"canonical\" href=\"https:\/\/www.opsec4kids.pl\/index.php\/umowa-bezpieczny-internet-dla-dziecka-2\/\" \/>\n<meta property=\"og:locale\" content=\"pl_PL\" \/>\n<meta property=\"og:type\" content=\"article\" \/>\n<meta property=\"og:title\" content=\"Jak Promowa\u0107 Plac\u00f3wk\u0119 Edukacyjn\u0105 Bez Nara\u017cania Wizerunku Dzieci?\" \/>\n<meta property=\"og:description\" content=\"Promocja przedszkola lub szko\u0142y w sieci mo\u017ce by\u0107 bezpieczne! Sprawd\u017a, jak promowa\u0107 plac\u00f3wk\u0119 edukacyjn\u0105 bez naruszania prywatno\u015bci dzieci.\" \/>\n<meta property=\"og:url\" content=\"https:\/\/www.opsec4kids.pl\/index.php\/umowa-bezpieczny-internet-dla-dziecka-2\/\" \/>\n<meta property=\"article:publisher\" content=\"https:\/\/www.facebook.com\/Opseccybersec\" \/>\n<meta property=\"article:modified_time\" content=\"2025-05-28T10:51:49+00:00\" \/>\n<meta property=\"og:image\" content=\"https:\/\/www.opsec4kids.pl\/wp-content\/uploads\/2025\/02\/Screenshot-2025-02-16-at-11.59.29-png.avif\" \/>\n\t<meta property=\"og:image:width\" content=\"1312\" \/>\n\t<meta property=\"og:image:height\" content=\"1314\" \/>\n\t<meta property=\"og:image:type\" content=\"image\/png\" \/>\n<meta name=\"twitter:card\" content=\"summary_large_image\" \/>\n<meta name=\"twitter:title\" content=\"Jak Promowa\u0107 Plac\u00f3wk\u0119 Edukacyjn\u0105 Bez Nara\u017cania Wizerunku Dzieci?\" \/>\n<meta name=\"twitter:description\" content=\"Promocja przedszkola lub szko\u0142y w sieci mo\u017ce by\u0107 bezpieczne! Sprawd\u017a, jak promowa\u0107 plac\u00f3wk\u0119 edukacyjn\u0105 bez naruszania prywatno\u015bci dzieci.\" \/>\n<meta name=\"twitter:image\" content=\"https:\/\/www.opsec4kids.pl\/wp-content\/uploads\/2025\/02\/Screenshot-2025-02-16-at-11.59.29-png.avif\" \/>\n<meta name=\"twitter:label1\" content=\"Szacowany czas czytania\" \/>\n\t<meta name=\"twitter:data1\" content=\"2 minuty\" \/>\n<script type=\"application\/ld+json\" class=\"yoast-schema-graph\">{\"@context\":\"https:\\\/\\\/schema.org\",\"@graph\":[{\"@type\":\"WebPage\",\"@id\":\"https:\\\/\\\/www.opsec4kids.pl\\\/index.php\\\/umowa-bezpieczny-internet-dla-dziecka-2\\\/\",\"url\":\"https:\\\/\\\/www.opsec4kids.pl\\\/index.php\\\/umowa-bezpieczny-internet-dla-dziecka-2\\\/\",\"name\":\"Umowa na Bezpieczny Internet dla Dziecka \u2013 Wersja PDF + Online\",\"isPartOf\":{\"@id\":\"https:\\\/\\\/www.opsec4kids.pl\\\/#website\"},\"primaryImageOfPage\":{\"@id\":\"https:\\\/\\\/www.opsec4kids.pl\\\/index.php\\\/umowa-bezpieczny-internet-dla-dziecka-2\\\/#primaryimage\"},\"image\":{\"@id\":\"https:\\\/\\\/www.opsec4kids.pl\\\/index.php\\\/umowa-bezpieczny-internet-dla-dziecka-2\\\/#primaryimage\"},\"thumbnailUrl\":\"https:\\\/\\\/www.opsec4kids.pl\\\/wp-content\\\/uploads\\\/2025\\\/03\\\/Zasady-publikowania-zdjec-dzieci-dla-przedszkoli-i-szkol.avif\",\"datePublished\":\"2025-05-27T22:42:47+00:00\",\"dateModified\":\"2025-05-28T10:51:49+00:00\",\"description\":\"Gotowa umowa na bezpieczne korzystanie z internetu przez dziecko. Wersja online i PDF. Ustalcie wsp\u00f3lne zasady i rozpoznawajcie zagro\u017cenia w sieci razem.\",\"breadcrumb\":{\"@id\":\"https:\\\/\\\/www.opsec4kids.pl\\\/index.php\\\/umowa-bezpieczny-internet-dla-dziecka-2\\\/#breadcrumb\"},\"inLanguage\":\"pl-PL\",\"potentialAction\":[{\"@type\":\"ReadAction\",\"target\":[\"https:\\\/\\\/www.opsec4kids.pl\\\/index.php\\\/umowa-bezpieczny-internet-dla-dziecka-2\\\/\"]}]},{\"@type\":\"ImageObject\",\"inLanguage\":\"pl-PL\",\"@id\":\"https:\\\/\\\/www.opsec4kids.pl\\\/index.php\\\/umowa-bezpieczny-internet-dla-dziecka-2\\\/#primaryimage\",\"url\":\"https:\\\/\\\/www.opsec4kids.pl\\\/wp-content\\\/uploads\\\/2025\\\/03\\\/Zasady-publikowania-zdjec-dzieci-dla-przedszkoli-i-szkol.avif\",\"contentUrl\":\"https:\\\/\\\/www.opsec4kids.pl\\\/wp-content\\\/uploads\\\/2025\\\/03\\\/Zasady-publikowania-zdjec-dzieci-dla-przedszkoli-i-szkol.avif\",\"width\":1270,\"height\":1128,\"caption\":\"Zasady publikowania zdjec dzieci dla przedszkoli i szk\u00f3\u0142\"},{\"@type\":\"BreadcrumbList\",\"@id\":\"https:\\\/\\\/www.opsec4kids.pl\\\/index.php\\\/umowa-bezpieczny-internet-dla-dziecka-2\\\/#breadcrumb\",\"itemListElement\":[{\"@type\":\"ListItem\",\"position\":1,\"name\":\"Strona g\u0142\u00f3wna\",\"item\":\"https:\\\/\\\/www.opsec4kids.pl\\\/\"},{\"@type\":\"ListItem\",\"position\":2,\"name\":\"Umowa na Bezpieczny Internet dla Dziecka \u2013 Wersja PDF + Online\"}]},{\"@type\":\"WebSite\",\"@id\":\"https:\\\/\\\/www.opsec4kids.pl\\\/#website\",\"url\":\"https:\\\/\\\/www.opsec4kids.pl\\\/\",\"name\":\"Slow Tech not No Tech - bezpiecze\u0144stwo cybernetyczne dzieci\",\"description\":\"Kolejna witryna WordPress\",\"publisher\":{\"@id\":\"https:\\\/\\\/www.opsec4kids.pl\\\/#organization\"},\"potentialAction\":[{\"@type\":\"SearchAction\",\"target\":{\"@type\":\"EntryPoint\",\"urlTemplate\":\"https:\\\/\\\/www.opsec4kids.pl\\\/?s={search_term_string}\"},\"query-input\":{\"@type\":\"PropertyValueSpecification\",\"valueRequired\":true,\"valueName\":\"search_term_string\"}}],\"inLanguage\":\"pl-PL\"},{\"@type\":\"Organization\",\"@id\":\"https:\\\/\\\/www.opsec4kids.pl\\\/#organization\",\"name\":\"OpsecKids\",\"url\":\"https:\\\/\\\/www.opsec4kids.pl\\\/\",\"logo\":{\"@type\":\"ImageObject\",\"inLanguage\":\"pl-PL\",\"@id\":\"https:\\\/\\\/www.opsec4kids.pl\\\/#\\\/schema\\\/logo\\\/image\\\/\",\"url\":\"https:\\\/\\\/www.opsec4kids.pl\\\/wp-content\\\/uploads\\\/2024\\\/02\\\/26230473_554787071540721_5202066666270702301_n-1.jpg\",\"contentUrl\":\"https:\\\/\\\/www.opsec4kids.pl\\\/wp-content\\\/uploads\\\/2024\\\/02\\\/26230473_554787071540721_5202066666270702301_n-1.jpg\",\"width\":700,\"height\":316,\"caption\":\"OpsecKids\"},\"image\":{\"@id\":\"https:\\\/\\\/www.opsec4kids.pl\\\/#\\\/schema\\\/logo\\\/image\\\/\"},\"sameAs\":[\"https:\\\/\\\/www.facebook.com\\\/Opseccybersec\",\"https:\\\/\\\/www.instagram.com\\\/opsec4kids\\\/\",\"https:\\\/\\\/www.linkedin.com\\\/company\\\/opsec4kids\\\/\"]}]}<\/script>\n<!-- \/ Yoast SEO plugin. -->","yoast_head_json":{"title":"Umowa na Bezpieczny Internet dla Dziecka \u2013 Wersja PDF + Online","description":"Gotowa umowa na bezpieczne korzystanie z internetu przez dziecko. Wersja online i PDF. Ustalcie wsp\u00f3lne zasady i rozpoznawajcie zagro\u017cenia w sieci razem.","robots":{"index":"index","follow":"follow","max-snippet":"max-snippet:-1","max-image-preview":"max-image-preview:large","max-video-preview":"max-video-preview:-1"},"canonical":"https:\/\/www.opsec4kids.pl\/index.php\/umowa-bezpieczny-internet-dla-dziecka-2\/","og_locale":"pl_PL","og_type":"article","og_title":"Jak Promowa\u0107 Plac\u00f3wk\u0119 Edukacyjn\u0105 Bez Nara\u017cania Wizerunku Dzieci?","og_description":"Promocja przedszkola lub szko\u0142y w sieci mo\u017ce by\u0107 bezpieczne! Sprawd\u017a, jak promowa\u0107 plac\u00f3wk\u0119 edukacyjn\u0105 bez naruszania prywatno\u015bci dzieci.","og_url":"https:\/\/www.opsec4kids.pl\/index.php\/umowa-bezpieczny-internet-dla-dziecka-2\/","article_publisher":"https:\/\/www.facebook.com\/Opseccybersec","article_modified_time":"2025-05-28T10:51:49+00:00","og_image":[{"width":1312,"height":1314,"url":"https:\/\/www.opsec4kids.pl\/wp-content\/uploads\/2025\/02\/Screenshot-2025-02-16-at-11.59.29-png.avif","type":"image\/png"}],"twitter_card":"summary_large_image","twitter_title":"Jak Promowa\u0107 Plac\u00f3wk\u0119 Edukacyjn\u0105 Bez Nara\u017cania Wizerunku Dzieci?","twitter_description":"Promocja przedszkola lub szko\u0142y w sieci mo\u017ce by\u0107 bezpieczne! Sprawd\u017a, jak promowa\u0107 plac\u00f3wk\u0119 edukacyjn\u0105 bez naruszania prywatno\u015bci dzieci.","twitter_image":"https:\/\/www.opsec4kids.pl\/wp-content\/uploads\/2025\/02\/Screenshot-2025-02-16-at-11.59.29-png.avif","twitter_misc":{"Szacowany czas czytania":"2 minuty"},"schema":{"@context":"https:\/\/schema.org","@graph":[{"@type":"WebPage","@id":"https:\/\/www.opsec4kids.pl\/index.php\/umowa-bezpieczny-internet-dla-dziecka-2\/","url":"https:\/\/www.opsec4kids.pl\/index.php\/umowa-bezpieczny-internet-dla-dziecka-2\/","name":"Umowa na Bezpieczny Internet dla Dziecka \u2013 Wersja PDF + Online","isPartOf":{"@id":"https:\/\/www.opsec4kids.pl\/#website"},"primaryImageOfPage":{"@id":"https:\/\/www.opsec4kids.pl\/index.php\/umowa-bezpieczny-internet-dla-dziecka-2\/#primaryimage"},"image":{"@id":"https:\/\/www.opsec4kids.pl\/index.php\/umowa-bezpieczny-internet-dla-dziecka-2\/#primaryimage"},"thumbnailUrl":"https:\/\/www.opsec4kids.pl\/wp-content\/uploads\/2025\/03\/Zasady-publikowania-zdjec-dzieci-dla-przedszkoli-i-szkol.avif","datePublished":"2025-05-27T22:42:47+00:00","dateModified":"2025-05-28T10:51:49+00:00","description":"Gotowa umowa na bezpieczne korzystanie z internetu przez dziecko. Wersja online i PDF. Ustalcie wsp\u00f3lne zasady i rozpoznawajcie zagro\u017cenia w sieci razem.","breadcrumb":{"@id":"https:\/\/www.opsec4kids.pl\/index.php\/umowa-bezpieczny-internet-dla-dziecka-2\/#breadcrumb"},"inLanguage":"pl-PL","potentialAction":[{"@type":"ReadAction","target":["https:\/\/www.opsec4kids.pl\/index.php\/umowa-bezpieczny-internet-dla-dziecka-2\/"]}]},{"@type":"ImageObject","inLanguage":"pl-PL","@id":"https:\/\/www.opsec4kids.pl\/index.php\/umowa-bezpieczny-internet-dla-dziecka-2\/#primaryimage","url":"https:\/\/www.opsec4kids.pl\/wp-content\/uploads\/2025\/03\/Zasady-publikowania-zdjec-dzieci-dla-przedszkoli-i-szkol.avif","contentUrl":"https:\/\/www.opsec4kids.pl\/wp-content\/uploads\/2025\/03\/Zasady-publikowania-zdjec-dzieci-dla-przedszkoli-i-szkol.avif","width":1270,"height":1128,"caption":"Zasady publikowania zdjec dzieci dla przedszkoli i szk\u00f3\u0142"},{"@type":"BreadcrumbList","@id":"https:\/\/www.opsec4kids.pl\/index.php\/umowa-bezpieczny-internet-dla-dziecka-2\/#breadcrumb","itemListElement":[{"@type":"ListItem","position":1,"name":"Strona g\u0142\u00f3wna","item":"https:\/\/www.opsec4kids.pl\/"},{"@type":"ListItem","position":2,"name":"Umowa na Bezpieczny Internet dla Dziecka \u2013 Wersja PDF + Online"}]},{"@type":"WebSite","@id":"https:\/\/www.opsec4kids.pl\/#website","url":"https:\/\/www.opsec4kids.pl\/","name":"Slow Tech not No Tech - bezpiecze\u0144stwo cybernetyczne dzieci","description":"Kolejna witryna WordPress","publisher":{"@id":"https:\/\/www.opsec4kids.pl\/#organization"},"potentialAction":[{"@type":"SearchAction","target":{"@type":"EntryPoint","urlTemplate":"https:\/\/www.opsec4kids.pl\/?s={search_term_string}"},"query-input":{"@type":"PropertyValueSpecification","valueRequired":true,"valueName":"search_term_string"}}],"inLanguage":"pl-PL"},{"@type":"Organization","@id":"https:\/\/www.opsec4kids.pl\/#organization","name":"OpsecKids","url":"https:\/\/www.opsec4kids.pl\/","logo":{"@type":"ImageObject","inLanguage":"pl-PL","@id":"https:\/\/www.opsec4kids.pl\/#\/schema\/logo\/image\/","url":"https:\/\/www.opsec4kids.pl\/wp-content\/uploads\/2024\/02\/26230473_554787071540721_5202066666270702301_n-1.jpg","contentUrl":"https:\/\/www.opsec4kids.pl\/wp-content\/uploads\/2024\/02\/26230473_554787071540721_5202066666270702301_n-1.jpg","width":700,"height":316,"caption":"OpsecKids"},"image":{"@id":"https:\/\/www.opsec4kids.pl\/#\/schema\/logo\/image\/"},"sameAs":["https:\/\/www.facebook.com\/Opseccybersec","https:\/\/www.instagram.com\/opsec4kids\/","https:\/\/www.linkedin.com\/company\/opsec4kids\/"]}]}},"_links":{"self":[{"href":"https:\/\/www.opsec4kids.pl\/index.php\/wp-json\/wp\/v2\/pages\/2093","targetHints":{"allow":["GET"]}}],"collection":[{"href":"https:\/\/www.opsec4kids.pl\/index.php\/wp-json\/wp\/v2\/pages"}],"about":[{"href":"https:\/\/www.opsec4kids.pl\/index.php\/wp-json\/wp\/v2\/types\/page"}],"author":[{"embeddable":true,"href":"https:\/\/www.opsec4kids.pl\/index.php\/wp-json\/wp\/v2\/users\/2"}],"replies":[{"embeddable":true,"href":"https:\/\/www.opsec4kids.pl\/index.php\/wp-json\/wp\/v2\/comments?post=2093"}],"version-history":[{"count":6,"href":"https:\/\/www.opsec4kids.pl\/index.php\/wp-json\/wp\/v2\/pages\/2093\/revisions"}],"predecessor-version":[{"id":2106,"href":"https:\/\/www.opsec4kids.pl\/index.php\/wp-json\/wp\/v2\/pages\/2093\/revisions\/2106"}],"wp:featuredmedia":[{"embeddable":true,"href":"https:\/\/www.opsec4kids.pl\/index.php\/wp-json\/wp\/v2\/media\/1907"}],"wp:attachment":[{"href":"https:\/\/www.opsec4kids.pl\/index.php\/wp-json\/wp\/v2\/media?parent=2093"}],"curies":[{"name":"wp","href":"https:\/\/api.w.org\/{rel}","templated":true}]}}