{"id":1274,"date":"2024-02-28T23:32:06","date_gmt":"2024-02-28T23:32:06","guid":{"rendered":"http:\/\/www.opsec4kids.pl\/?page_id=1274"},"modified":"2024-02-28T23:32:06","modified_gmt":"2024-02-28T23:32:06","slug":"referencje-spr-3","status":"publish","type":"page","link":"https:\/\/www.opsec4kids.pl\/index.php\/referencje-spr-3\/","title":{"rendered":"Referencje &#8211; SPR 3"},"content":{"rendered":"\n<p class=\"has-text-align-center has-large-font-size\">Szko\u0142a Podstawowa Nr 3 Przymierza Rodzin im. b\u0142. ks. Jerzego Popie\u0142uszki<\/p>\n\n\n<div class=\"wp-block-image\">\n<figure class=\"aligncenter size-full\"><img loading=\"lazy\" decoding=\"async\" width=\"700\" height=\"888\" src=\"https:\/\/www.opsec4kids.pl\/wp-content\/uploads\/2024\/02\/opsec-przymierze-1-1-1-1-4.jpg\" alt=\"\" class=\"wp-image-51\" srcset=\"https:\/\/www.opsec4kids.pl\/wp-content\/uploads\/2024\/02\/opsec-przymierze-1-1-1-1-4.jpg 700w, https:\/\/www.opsec4kids.pl\/wp-content\/uploads\/2024\/02\/opsec-przymierze-1-1-1-1-4-236x300.jpg 236w\" sizes=\"auto, (max-width: 700px) 100vw, 700px\" \/><figcaption class=\"wp-element-caption\">Szko\u0142a Przymierza Rodzin nr 3<\/figcaption><\/figure>\n<\/div>","protected":false},"excerpt":{"rendered":"<p>Szko\u0142a Podstawowa Nr 3 Przymierza Rodzin im. b\u0142. ks. Jerzego Popie\u0142uszki<\/p>\n","protected":false},"author":1,"featured_media":0,"parent":0,"menu_order":0,"comment_status":"closed","ping_status":"closed","template":"","meta":{"_monsterinsights_skip_tracking":false,"_monsterinsights_sitenote_active":false,"_monsterinsights_sitenote_note":"","_monsterinsights_sitenote_category":0,"_kadence_starter_templates_imported_post":false,"_kad_post_transparent":"","_kad_post_title":"","_kad_post_layout":"","_kad_post_sidebar_id":"","_kad_post_content_style":"","_kad_post_vertical_padding":"","_kad_post_feature":"","_kad_post_feature_position":"","_kad_post_header":false,"_kad_post_footer":false,"_kad_post_classname":"","footnotes":""},"class_list":["post-1274","page","type-page","status-publish","hentry"],"yoast_head":"<!-- This site is optimized with the Yoast SEO plugin v27.4 - https:\/\/yoast.com\/product\/yoast-seo-wordpress\/ -->\n<title>Referencje - SPR 3 -<\/title>\n<meta name=\"robots\" content=\"index, follow, max-snippet:-1, max-image-preview:large, max-video-preview:-1\" \/>\n<link rel=\"canonical\" href=\"https:\/\/www.opsec4kids.pl\/index.php\/referencje-spr-3\/\" \/>\n<meta property=\"og:locale\" content=\"pl_PL\" \/>\n<meta property=\"og:type\" content=\"article\" \/>\n<meta property=\"og:title\" content=\"Referencje - SPR 3 -\" \/>\n<meta property=\"og:description\" content=\"Szko\u0142a Podstawowa Nr 3 Przymierza Rodzin im. b\u0142. ks. Jerzego Popie\u0142uszki\" \/>\n<meta property=\"og:url\" content=\"https:\/\/www.opsec4kids.pl\/index.php\/referencje-spr-3\/\" \/>\n<meta property=\"article:publisher\" content=\"https:\/\/www.facebook.com\/Opseccybersec\" \/>\n<meta property=\"og:image\" content=\"http:\/\/www.opsec4kids.pl\/wp-content\/uploads\/2024\/02\/opsec-przymierze-1-1-1-1-4.jpg\" \/>\n<meta name=\"twitter:card\" content=\"summary_large_image\" \/>\n<script type=\"application\/ld+json\" class=\"yoast-schema-graph\">{\"@context\":\"https:\\\/\\\/schema.org\",\"@graph\":[{\"@type\":\"WebPage\",\"@id\":\"https:\\\/\\\/www.opsec4kids.pl\\\/index.php\\\/referencje-spr-3\\\/\",\"url\":\"https:\\\/\\\/www.opsec4kids.pl\\\/index.php\\\/referencje-spr-3\\\/\",\"name\":\"Referencje - SPR 3 -\",\"isPartOf\":{\"@id\":\"https:\\\/\\\/www.opsec4kids.pl\\\/#website\"},\"primaryImageOfPage\":{\"@id\":\"https:\\\/\\\/www.opsec4kids.pl\\\/index.php\\\/referencje-spr-3\\\/#primaryimage\"},\"image\":{\"@id\":\"https:\\\/\\\/www.opsec4kids.pl\\\/index.php\\\/referencje-spr-3\\\/#primaryimage\"},\"thumbnailUrl\":\"http:\\\/\\\/www.opsec4kids.pl\\\/wp-content\\\/uploads\\\/2024\\\/02\\\/opsec-przymierze-1-1-1-1-4.jpg\",\"datePublished\":\"2024-02-28T23:32:06+00:00\",\"breadcrumb\":{\"@id\":\"https:\\\/\\\/www.opsec4kids.pl\\\/index.php\\\/referencje-spr-3\\\/#breadcrumb\"},\"inLanguage\":\"pl-PL\",\"potentialAction\":[{\"@type\":\"ReadAction\",\"target\":[\"https:\\\/\\\/www.opsec4kids.pl\\\/index.php\\\/referencje-spr-3\\\/\"]}]},{\"@type\":\"ImageObject\",\"inLanguage\":\"pl-PL\",\"@id\":\"https:\\\/\\\/www.opsec4kids.pl\\\/index.php\\\/referencje-spr-3\\\/#primaryimage\",\"url\":\"https:\\\/\\\/www.opsec4kids.pl\\\/wp-content\\\/uploads\\\/2024\\\/02\\\/opsec-przymierze-1-1-1-1-4.jpg\",\"contentUrl\":\"https:\\\/\\\/www.opsec4kids.pl\\\/wp-content\\\/uploads\\\/2024\\\/02\\\/opsec-przymierze-1-1-1-1-4.jpg\",\"width\":700,\"height\":888,\"caption\":\"Szko\u0142a Przymierza Rodzin nr 3\"},{\"@type\":\"BreadcrumbList\",\"@id\":\"https:\\\/\\\/www.opsec4kids.pl\\\/index.php\\\/referencje-spr-3\\\/#breadcrumb\",\"itemListElement\":[{\"@type\":\"ListItem\",\"position\":1,\"name\":\"Strona g\u0142\u00f3wna\",\"item\":\"https:\\\/\\\/www.opsec4kids.pl\\\/\"},{\"@type\":\"ListItem\",\"position\":2,\"name\":\"Referencje &#8211; SPR 3\"}]},{\"@type\":\"WebSite\",\"@id\":\"https:\\\/\\\/www.opsec4kids.pl\\\/#website\",\"url\":\"https:\\\/\\\/www.opsec4kids.pl\\\/\",\"name\":\"Slow Tech not No Tech - bezpiecze\u0144stwo cybernetyczne dzieci\",\"description\":\"Kolejna witryna WordPress\",\"publisher\":{\"@id\":\"https:\\\/\\\/www.opsec4kids.pl\\\/#organization\"},\"potentialAction\":[{\"@type\":\"SearchAction\",\"target\":{\"@type\":\"EntryPoint\",\"urlTemplate\":\"https:\\\/\\\/www.opsec4kids.pl\\\/?s={search_term_string}\"},\"query-input\":{\"@type\":\"PropertyValueSpecification\",\"valueRequired\":true,\"valueName\":\"search_term_string\"}}],\"inLanguage\":\"pl-PL\"},{\"@type\":\"Organization\",\"@id\":\"https:\\\/\\\/www.opsec4kids.pl\\\/#organization\",\"name\":\"OpsecKids\",\"url\":\"https:\\\/\\\/www.opsec4kids.pl\\\/\",\"logo\":{\"@type\":\"ImageObject\",\"inLanguage\":\"pl-PL\",\"@id\":\"https:\\\/\\\/www.opsec4kids.pl\\\/#\\\/schema\\\/logo\\\/image\\\/\",\"url\":\"https:\\\/\\\/www.opsec4kids.pl\\\/wp-content\\\/uploads\\\/2024\\\/02\\\/26230473_554787071540721_5202066666270702301_n-1.jpg\",\"contentUrl\":\"https:\\\/\\\/www.opsec4kids.pl\\\/wp-content\\\/uploads\\\/2024\\\/02\\\/26230473_554787071540721_5202066666270702301_n-1.jpg\",\"width\":700,\"height\":316,\"caption\":\"OpsecKids\"},\"image\":{\"@id\":\"https:\\\/\\\/www.opsec4kids.pl\\\/#\\\/schema\\\/logo\\\/image\\\/\"},\"sameAs\":[\"https:\\\/\\\/www.facebook.com\\\/Opseccybersec\",\"https:\\\/\\\/www.instagram.com\\\/opsec4kids\\\/\",\"https:\\\/\\\/www.linkedin.com\\\/company\\\/opsec4kids\\\/\"]}]}<\/script>\n<!-- \/ Yoast SEO plugin. -->","yoast_head_json":{"title":"Referencje - SPR 3 -","robots":{"index":"index","follow":"follow","max-snippet":"max-snippet:-1","max-image-preview":"max-image-preview:large","max-video-preview":"max-video-preview:-1"},"canonical":"https:\/\/www.opsec4kids.pl\/index.php\/referencje-spr-3\/","og_locale":"pl_PL","og_type":"article","og_title":"Referencje - SPR 3 -","og_description":"Szko\u0142a Podstawowa Nr 3 Przymierza Rodzin im. b\u0142. ks. Jerzego Popie\u0142uszki","og_url":"https:\/\/www.opsec4kids.pl\/index.php\/referencje-spr-3\/","article_publisher":"https:\/\/www.facebook.com\/Opseccybersec","og_image":[{"url":"http:\/\/www.opsec4kids.pl\/wp-content\/uploads\/2024\/02\/opsec-przymierze-1-1-1-1-4.jpg","type":"","width":"","height":""}],"twitter_card":"summary_large_image","schema":{"@context":"https:\/\/schema.org","@graph":[{"@type":"WebPage","@id":"https:\/\/www.opsec4kids.pl\/index.php\/referencje-spr-3\/","url":"https:\/\/www.opsec4kids.pl\/index.php\/referencje-spr-3\/","name":"Referencje - SPR 3 -","isPartOf":{"@id":"https:\/\/www.opsec4kids.pl\/#website"},"primaryImageOfPage":{"@id":"https:\/\/www.opsec4kids.pl\/index.php\/referencje-spr-3\/#primaryimage"},"image":{"@id":"https:\/\/www.opsec4kids.pl\/index.php\/referencje-spr-3\/#primaryimage"},"thumbnailUrl":"http:\/\/www.opsec4kids.pl\/wp-content\/uploads\/2024\/02\/opsec-przymierze-1-1-1-1-4.jpg","datePublished":"2024-02-28T23:32:06+00:00","breadcrumb":{"@id":"https:\/\/www.opsec4kids.pl\/index.php\/referencje-spr-3\/#breadcrumb"},"inLanguage":"pl-PL","potentialAction":[{"@type":"ReadAction","target":["https:\/\/www.opsec4kids.pl\/index.php\/referencje-spr-3\/"]}]},{"@type":"ImageObject","inLanguage":"pl-PL","@id":"https:\/\/www.opsec4kids.pl\/index.php\/referencje-spr-3\/#primaryimage","url":"https:\/\/www.opsec4kids.pl\/wp-content\/uploads\/2024\/02\/opsec-przymierze-1-1-1-1-4.jpg","contentUrl":"https:\/\/www.opsec4kids.pl\/wp-content\/uploads\/2024\/02\/opsec-przymierze-1-1-1-1-4.jpg","width":700,"height":888,"caption":"Szko\u0142a Przymierza Rodzin nr 3"},{"@type":"BreadcrumbList","@id":"https:\/\/www.opsec4kids.pl\/index.php\/referencje-spr-3\/#breadcrumb","itemListElement":[{"@type":"ListItem","position":1,"name":"Strona g\u0142\u00f3wna","item":"https:\/\/www.opsec4kids.pl\/"},{"@type":"ListItem","position":2,"name":"Referencje &#8211; SPR 3"}]},{"@type":"WebSite","@id":"https:\/\/www.opsec4kids.pl\/#website","url":"https:\/\/www.opsec4kids.pl\/","name":"Slow Tech not No Tech - bezpiecze\u0144stwo cybernetyczne dzieci","description":"Kolejna witryna WordPress","publisher":{"@id":"https:\/\/www.opsec4kids.pl\/#organization"},"potentialAction":[{"@type":"SearchAction","target":{"@type":"EntryPoint","urlTemplate":"https:\/\/www.opsec4kids.pl\/?s={search_term_string}"},"query-input":{"@type":"PropertyValueSpecification","valueRequired":true,"valueName":"search_term_string"}}],"inLanguage":"pl-PL"},{"@type":"Organization","@id":"https:\/\/www.opsec4kids.pl\/#organization","name":"OpsecKids","url":"https:\/\/www.opsec4kids.pl\/","logo":{"@type":"ImageObject","inLanguage":"pl-PL","@id":"https:\/\/www.opsec4kids.pl\/#\/schema\/logo\/image\/","url":"https:\/\/www.opsec4kids.pl\/wp-content\/uploads\/2024\/02\/26230473_554787071540721_5202066666270702301_n-1.jpg","contentUrl":"https:\/\/www.opsec4kids.pl\/wp-content\/uploads\/2024\/02\/26230473_554787071540721_5202066666270702301_n-1.jpg","width":700,"height":316,"caption":"OpsecKids"},"image":{"@id":"https:\/\/www.opsec4kids.pl\/#\/schema\/logo\/image\/"},"sameAs":["https:\/\/www.facebook.com\/Opseccybersec","https:\/\/www.instagram.com\/opsec4kids\/","https:\/\/www.linkedin.com\/company\/opsec4kids\/"]}]}},"_links":{"self":[{"href":"https:\/\/www.opsec4kids.pl\/index.php\/wp-json\/wp\/v2\/pages\/1274","targetHints":{"allow":["GET"]}}],"collection":[{"href":"https:\/\/www.opsec4kids.pl\/index.php\/wp-json\/wp\/v2\/pages"}],"about":[{"href":"https:\/\/www.opsec4kids.pl\/index.php\/wp-json\/wp\/v2\/types\/page"}],"author":[{"embeddable":true,"href":"https:\/\/www.opsec4kids.pl\/index.php\/wp-json\/wp\/v2\/users\/1"}],"replies":[{"embeddable":true,"href":"https:\/\/www.opsec4kids.pl\/index.php\/wp-json\/wp\/v2\/comments?post=1274"}],"version-history":[{"count":1,"href":"https:\/\/www.opsec4kids.pl\/index.php\/wp-json\/wp\/v2\/pages\/1274\/revisions"}],"predecessor-version":[{"id":1275,"href":"https:\/\/www.opsec4kids.pl\/index.php\/wp-json\/wp\/v2\/pages\/1274\/revisions\/1275"}],"wp:attachment":[{"href":"https:\/\/www.opsec4kids.pl\/index.php\/wp-json\/wp\/v2\/media?parent=1274"}],"curies":[{"name":"wp","href":"https:\/\/api.w.org\/{rel}","templated":true}]}}